{"id":80,"date":"2017-05-17T23:17:06","date_gmt":"2017-05-17T21:17:06","guid":{"rendered":"http:\/\/koitempel24.de\/?page_id=80"},"modified":"2020-02-17T12:02:53","modified_gmt":"2020-02-17T11:02:53","slug":"unsere-dienstleistungen","status":"publish","type":"page","link":"https:\/\/koitempel24.de\/index.php\/startseite\/unsere-dienstleistungen\/","title":{"rendered":"unsere Dienstleistungen"},"content":{"rendered":"<p><a href=\"http:\/\/koitempel24.de\/index.php\/original-japankoi-import-2018\/\">Original Japan-Koi &#8211; Import<\/a><\/p>\n<p><a href=\"http:\/\/koitempel24.de\/index.php\/verkauf-von-japan-koi\/\">Verkauf von Japan-Koi<\/a><\/p>\n<p><a href=\"http:\/\/koitempel24.de\/index.php\/teichtechnik-und-zubehoer\/\">Teichtechnik und Zubeh\u00f6r<\/a><\/p>\n<p><a href=\"http:\/\/koitempel24.de\/index.php\/teichpflegeprodukte\/\">Teichpflegeprodukte<\/a><\/p>\n<p><a href=\"http:\/\/koitempel24.de\/index.php\/qualitaetsfutter\/\">Qualit\u00e4tsfutter<\/a><\/p>\n<p><a href=\"http:\/\/koitempel24.de\/index.php\/teichanlagenberatung-planung\/\">Teichanlagenberatung, Planung<\/a><\/p>\n<p><a href=\"http:\/\/koitempel24.de\/index.php\/oekologische-filtertechnik\/\">\u00f6kologische Filtertechnik <\/a><\/p>\n<p><a href=\"http:\/\/koitempel24.de\/index.php\/wasseranalyse\/\">Wasseranalyse<\/a><\/p>\n<p><a href=\"http:\/\/koitempel24.de\/index.php\/wasserpflanzen\/\">Neu! Kreativ-Abteilung<\/a><\/p>\n","protected":false},"excerpt":{"rendered":"<p>Original Japan-Koi &#8211; Import Verkauf von Japan-Koi Teichtechnik und Zubeh\u00f6r Teichpflegeprodukte Qualit\u00e4tsfutter Teichanlagenberatung, Planung \u00f6kologische Filtertechnik Wasseranalyse Neu! Kreativ-Abteilung<\/p>\n","protected":false},"author":1,"featured_media":0,"parent":65,"menu_order":0,"comment_status":"closed","ping_status":"closed","template":"","meta":{"footnotes":""},"_links":{"self":[{"href":"https:\/\/koitempel24.de\/index.php\/wp-json\/wp\/v2\/pages\/80"}],"collection":[{"href":"https:\/\/koitempel24.de\/index.php\/wp-json\/wp\/v2\/pages"}],"about":[{"href":"https:\/\/koitempel24.de\/index.php\/wp-json\/wp\/v2\/types\/page"}],"author":[{"embeddable":true,"href":"https:\/\/koitempel24.de\/index.php\/wp-json\/wp\/v2\/users\/1"}],"replies":[{"embeddable":true,"href":"https:\/\/koitempel24.de\/index.php\/wp-json\/wp\/v2\/comments?post=80"}],"version-history":[{"count":21,"href":"https:\/\/koitempel24.de\/index.php\/wp-json\/wp\/v2\/pages\/80\/revisions"}],"predecessor-version":[{"id":892,"href":"https:\/\/koitempel24.de\/index.php\/wp-json\/wp\/v2\/pages\/80\/revisions\/892"}],"up":[{"embeddable":true,"href":"https:\/\/koitempel24.de\/index.php\/wp-json\/wp\/v2\/pages\/65"}],"wp:attachment":[{"href":"https:\/\/koitempel24.de\/index.php\/wp-json\/wp\/v2\/media?parent=80"}],"curies":[{"name":"wp","href":"https:\/\/api.w.org\/{rel}","templated":true}]}}