{"id":6,"date":"2017-05-04T17:48:06","date_gmt":"2017-05-04T15:48:06","guid":{"rendered":"http:\/\/koitempel24.de\/?page_id=6"},"modified":"2026-03-29T19:53:37","modified_gmt":"2026-03-29T17:53:37","slug":"kontakt","status":"publish","type":"page","link":"https:\/\/koitempel24.de\/index.php\/kontakt\/","title":{"rendered":"Kontakt"},"content":{"rendered":"<p>F\u00fcr Kois, Koifutter, Filterzubeh\u00f6r und weiteres Zubeh\u00f6r sind wir in unserem Laden erreichbar und k\u00f6nnen Sie pers\u00f6nlich beraten.<\/p>\n<pre><strong>Saison 2026 - 1.April bis 26.September 2026\n\n\u00d6ffnungszeiten 2026 - 1.April bis 29.August\nMontag Ruhetag\nDienstag bis Freitag 14 - 18 Uhr\nSamstag 10 - 16 Uhr\n\nIm September ist jeden Samstag \nvon 10 bis 16 Uhr ge\u00f6ffnet.\n\n<\/strong>\n<strong>Winterpause: Oktober bis M\u00e4rz<\/strong><\/pre>\n<p><img loading=\"lazy\" decoding=\"async\" class=\"alignnone size-medium wp-image-377\" src=\"http:\/\/koitempel24.de\/wp-content\/uploads\/2017\/05\/Visitenkarte-22kleiner22-300x190.jpeg\" alt=\"\" width=\"300\" height=\"190\" srcset=\"https:\/\/koitempel24.de\/wp-content\/uploads\/2017\/05\/Visitenkarte-22kleiner22-300x190.jpeg 300w, https:\/\/koitempel24.de\/wp-content\/uploads\/2017\/05\/Visitenkarte-22kleiner22-768x485.jpeg 768w, https:\/\/koitempel24.de\/wp-content\/uploads\/2017\/05\/Visitenkarte-22kleiner22-1024x647.jpeg 1024w, https:\/\/koitempel24.de\/wp-content\/uploads\/2017\/05\/Visitenkarte-22kleiner22.jpeg 1296w\" sizes=\"(max-width: 300px) 100vw, 300px\" \/><\/p>\n<p>Adresse:<\/p>\n<p>Frank Schneider<br \/>\nGeschwister-Scholl-Stra\u00dfe 6<\/p>\n<p>16767 Leegebruch<\/p>\n<p>Tel.Nummer: 0177 388 69 06<\/p>\n<p>&#8230;ob aus Berlin Tegel, Spandau oder Wannsee, unser Gesch\u00e4ft ist Verkehrsg\u00fcnstig gelegen und bequem zu erreichen.<\/p>\n<p>Schauen Sie doch mal Vorbei!<\/p>\n<p>Gern k\u00f6nnen Sie uns eine E-Mail schreiben:<\/p>\n<p><a href=\"mailto:koileegebruch@t-online.de\">koileegebruch@t-online.de<\/a><\/p>\n<p>Bitte beachten Sie unsere <a href=\"http:\/\/koitempel24.de\/index.php\/datenschutz\/\">Datenschutzbestimmungen.<\/a><\/p>\n","protected":false},"excerpt":{"rendered":"<p>F\u00fcr Kois, Koifutter, Filterzubeh\u00f6r und weiteres Zubeh\u00f6r sind wir in unserem Laden erreichbar und k\u00f6nnen Sie pers\u00f6nlich beraten. Saison 2026 &#8211; 1.April bis 26.September 2026 \u00d6ffnungszeiten 2026 &#8211; 1.April bis 29.August Montag Ruhetag Dienstag bis Freitag 14 &#8211; 18 Uhr Samstag 10 &#8211; 16 Uhr Im September ist jeden Samstag von 10 bis 16 Uhr &hellip; <\/p>\n<p class=\"link-more\"><a href=\"https:\/\/koitempel24.de\/index.php\/kontakt\/\" class=\"more-link\"><span class=\"screen-reader-text\">\u201eKontakt\u201c<\/span> weiterlesen<\/a><\/p>\n","protected":false},"author":1,"featured_media":0,"parent":0,"menu_order":0,"comment_status":"closed","ping_status":"closed","template":"","meta":{"footnotes":""},"_links":{"self":[{"href":"https:\/\/koitempel24.de\/index.php\/wp-json\/wp\/v2\/pages\/6"}],"collection":[{"href":"https:\/\/koitempel24.de\/index.php\/wp-json\/wp\/v2\/pages"}],"about":[{"href":"https:\/\/koitempel24.de\/index.php\/wp-json\/wp\/v2\/types\/page"}],"author":[{"embeddable":true,"href":"https:\/\/koitempel24.de\/index.php\/wp-json\/wp\/v2\/users\/1"}],"replies":[{"embeddable":true,"href":"https:\/\/koitempel24.de\/index.php\/wp-json\/wp\/v2\/comments?post=6"}],"version-history":[{"count":35,"href":"https:\/\/koitempel24.de\/index.php\/wp-json\/wp\/v2\/pages\/6\/revisions"}],"predecessor-version":[{"id":995,"href":"https:\/\/koitempel24.de\/index.php\/wp-json\/wp\/v2\/pages\/6\/revisions\/995"}],"wp:attachment":[{"href":"https:\/\/koitempel24.de\/index.php\/wp-json\/wp\/v2\/media?parent=6"}],"curies":[{"name":"wp","href":"https:\/\/api.w.org\/{rel}","templated":true}]}}