{"id":145,"date":"2017-05-22T09:10:17","date_gmt":"2017-05-22T07:10:17","guid":{"rendered":"http:\/\/koitempel24.de\/?page_id=145"},"modified":"2020-06-06T14:18:41","modified_gmt":"2020-06-06T12:18:41","slug":"impressum","status":"publish","type":"page","link":"https:\/\/koitempel24.de\/index.php\/impressum\/","title":{"rendered":"Impressum"},"content":{"rendered":"<p class=\"extra2\">Firma: Koitempel<br \/>\nInhaber: Frank Schneider<br \/>\nAdresse: Geschwister-Scholl-Str. 6<br \/>\n16767 Leegebruch<br \/>\nTel.Nummer: 01773886906<\/p>\n<p>USt.Ident.Nr. DE 264681342<\/p>\n<p class=\"extra2\">Inhaltlich verantwortlich: Frank Schneider<br \/>\nE-Mail: koileegebruch@t-online.de<\/p>\n<h4>Haftung f\u00fcr Inhalte auf Internetangeboten Dritter<\/h4>\n<p class=\"extra2\">Die Verweise durch Links auf Inhalte fremder Internetangebote dienen lediglich der Information.<br \/>\nDie Verantwortlichkeit f\u00fcr diese fremden Inhalte liegt alleine bei dem Anbieter, der die Inhalte bereith\u00e4lt.<br \/>\nDie fremden Inhalte sind vor dem Einrichten des entsprechenden Verweises \u00fcberpr\u00fcft worden.<br \/>\nWir \u00fcbernehmen jedoch keine Gew\u00e4hr f\u00fcr die Vollst\u00e4ndigkeit und Richtigkeit von Informationen, die hinter einem Verweis oder Link liegen.<br \/>\nDer Inhalt dieser Internetangebote kann jederzeit ge\u00e4ndert werden.<\/p>\n<h4>Haftung f\u00fcr eigene Inhalte<\/h4>\n<p class=\"extra2\">Eine Gew\u00e4hr oder Verantwortung f\u00fcr Vollst\u00e4ndigkeit, Fehler redaktioneller und technischer Art, Auslassungen u.s.w. sowie die Richtigkeit, der auf diesem Internetangebot befindlichen Informationen, kann nicht \u00fcbernommen werden.<br \/>\nWir sind f\u00fcr die eigenen Inhalte, die wir zur Nutzung bereithalten, nach den allgemeinen Gesetzen verantwortlich.<br \/>\nVon diesen eigenen Inhalten sind Verweise, auf die von anderen Anbietern bereitgehaltenen Inhalte, zu unterscheiden.<\/p>\n","protected":false},"excerpt":{"rendered":"<p>Firma: Koitempel Inhaber: Frank Schneider Adresse: Geschwister-Scholl-Str. 6 16767 Leegebruch Tel.Nummer: 01773886906 USt.Ident.Nr. DE 264681342 Inhaltlich verantwortlich: Frank Schneider E-Mail: koileegebruch@t-online.de Haftung f\u00fcr Inhalte auf Internetangeboten Dritter Die Verweise durch Links auf Inhalte fremder Internetangebote dienen lediglich der Information. Die Verantwortlichkeit f\u00fcr diese fremden Inhalte liegt alleine bei dem Anbieter, der die Inhalte bereith\u00e4lt. Die &hellip; <\/p>\n<p class=\"link-more\"><a href=\"https:\/\/koitempel24.de\/index.php\/impressum\/\" class=\"more-link\"><span class=\"screen-reader-text\">\u201eImpressum\u201c<\/span> weiterlesen<\/a><\/p>\n","protected":false},"author":1,"featured_media":0,"parent":0,"menu_order":0,"comment_status":"closed","ping_status":"closed","template":"","meta":{"footnotes":""},"_links":{"self":[{"href":"https:\/\/koitempel24.de\/index.php\/wp-json\/wp\/v2\/pages\/145"}],"collection":[{"href":"https:\/\/koitempel24.de\/index.php\/wp-json\/wp\/v2\/pages"}],"about":[{"href":"https:\/\/koitempel24.de\/index.php\/wp-json\/wp\/v2\/types\/page"}],"author":[{"embeddable":true,"href":"https:\/\/koitempel24.de\/index.php\/wp-json\/wp\/v2\/users\/1"}],"replies":[{"embeddable":true,"href":"https:\/\/koitempel24.de\/index.php\/wp-json\/wp\/v2\/comments?post=145"}],"version-history":[{"count":5,"href":"https:\/\/koitempel24.de\/index.php\/wp-json\/wp\/v2\/pages\/145\/revisions"}],"predecessor-version":[{"id":919,"href":"https:\/\/koitempel24.de\/index.php\/wp-json\/wp\/v2\/pages\/145\/revisions\/919"}],"wp:attachment":[{"href":"https:\/\/koitempel24.de\/index.php\/wp-json\/wp\/v2\/media?parent=145"}],"curies":[{"name":"wp","href":"https:\/\/api.w.org\/{rel}","templated":true}]}}