{"id":111,"date":"2017-05-17T23:48:12","date_gmt":"2017-05-17T21:48:12","guid":{"rendered":"http:\/\/koitempel24.de\/?page_id=111"},"modified":"2021-04-01T12:37:57","modified_gmt":"2021-04-01T10:37:57","slug":"ueber-koitempel24-de","status":"publish","type":"page","link":"https:\/\/koitempel24.de\/index.php\/ueber-koitempel24-de\/","title":{"rendered":"\u00fcber Koitempel24.de"},"content":{"rendered":"<p>Seit nunmehr 15 Jahren bieten wir Qualit\u00e4tsprodukte und kompetente Beratung rund um Kois an. Kommen Sie vorbei und \u00fcberzeugen sich&#8230;<\/p>\n<p><a href=\"http:\/\/www.maz-online.de\/Lokales\/Oberhavel\/Leegebruch\/Frank-Schneider-aus-Leegebruch-liebt-Kois-und-betreibt-den-Koitempel\" target=\"_blank\" rel=\"noopener noreferrer\">Hier<\/a> k\u00f6nnen Sie einen Artikel lesen, der \u00fcber uns in der <a href=\"http:\/\/www.maz-online.de\/\" target=\"_blank\" rel=\"noopener noreferrer\">maz-online<\/a> (regionale Tageszeitung &#8222;M\u00e4rkische Allgemeine&#8220; ) 2018 ver\u00f6ffentlicht wurde..<\/p>\n<figure id=\"attachment_683\" aria-describedby=\"caption-attachment-683\" style=\"width: 300px\" class=\"wp-caption alignnone\"><a href=\"http:\/\/www.maz-online.de\/Lokales\/Oberhavel\/Leegebruch\/Frank-Schneider-aus-Leegebruch-liebt-Kois-und-betreibt-den-Koitempel\" target=\"_blank\" rel=\"noopener noreferrer\"><img loading=\"lazy\" decoding=\"async\" class=\"wp-image-683 size-medium\" src=\"http:\/\/koitempel24.de\/wp-content\/uploads\/2017\/05\/MOZ-2-300x160.jpeg\" alt=\"\" width=\"300\" height=\"160\" srcset=\"https:\/\/koitempel24.de\/wp-content\/uploads\/2017\/05\/MOZ-2-300x160.jpeg 300w, https:\/\/koitempel24.de\/wp-content\/uploads\/2017\/05\/MOZ-2-768x410.jpeg 768w, https:\/\/koitempel24.de\/wp-content\/uploads\/2017\/05\/MOZ-2-1024x547.jpeg 1024w\" sizes=\"(max-width: 300px) 100vw, 300px\" \/><\/a><figcaption id=\"caption-attachment-683\" class=\"wp-caption-text\">Artikel in der MAZ<\/figcaption><\/figure>\n<p><a href=\"http:\/\/koitempel24.de\/wp-login.php\">\u00a0\u00a0\u00a0\u00a0\u00a0\u00a0\u00a0\u00a0\u00a0\u00a0\u00a0\u00a0\u00a0\u00a0\u00a0\u00a0\u00a0\u00a0\u00a0\u00a0\u00a0\u00a0\u00a0\u00a0\u00a0\u00a0\u00a0\u00a0\u00a0\u00a0\u00a0\u00a0\u00a0\u00a0\u00a0\u00a0\u00a0\u00a0\u00a0\u00a0\u00a0\u00a0\u00a0\u00a0\u00a0\u00a0\u00a0\u00a0\u00a0\u00a0\u00a0\u00a0\u00a0\u00a0\u00a0\u00a0\u00a0\u00a0\u00a0\u00a0\u00a0\u00a0\u00a0\u00a0\u00a0\u00a0\u00a0\u00a0\u00a0\u00a0\u00a0\u00a0\u00a0\u00a0\u00a0\u00a0\u00a0\u00a0\u00a0\u00a0\u00a0\u00a0\u00a0\u00a0\u00a0\u00a0\u00a0\u00a0\u00a0\u00a0\u00a0\u00a0\u00a0\u00a0\u00a0\u00a0\u00a0\u00a0\u00a0\u00a0\u00a0\u00a0\u00a0\u00a0\u00a0 Koitempel 2020<\/a><\/p>\n","protected":false},"excerpt":{"rendered":"<p>Seit nunmehr 15 Jahren bieten wir Qualit\u00e4tsprodukte und kompetente Beratung rund um Kois an. Kommen Sie vorbei und \u00fcberzeugen sich&#8230; Hier k\u00f6nnen Sie einen Artikel lesen, der \u00fcber uns in der maz-online (regionale Tageszeitung &#8222;M\u00e4rkische Allgemeine&#8220; ) 2018 ver\u00f6ffentlicht wurde.. \u00a0\u00a0\u00a0\u00a0\u00a0\u00a0\u00a0\u00a0\u00a0\u00a0\u00a0\u00a0\u00a0\u00a0\u00a0\u00a0\u00a0\u00a0\u00a0\u00a0\u00a0\u00a0\u00a0\u00a0\u00a0\u00a0\u00a0\u00a0\u00a0\u00a0\u00a0\u00a0\u00a0\u00a0\u00a0\u00a0\u00a0\u00a0\u00a0\u00a0\u00a0\u00a0\u00a0\u00a0\u00a0\u00a0\u00a0\u00a0\u00a0\u00a0\u00a0\u00a0\u00a0\u00a0\u00a0\u00a0\u00a0\u00a0\u00a0\u00a0\u00a0\u00a0\u00a0\u00a0\u00a0\u00a0\u00a0\u00a0\u00a0\u00a0\u00a0\u00a0\u00a0\u00a0\u00a0\u00a0\u00a0\u00a0\u00a0\u00a0\u00a0\u00a0\u00a0\u00a0\u00a0\u00a0\u00a0\u00a0\u00a0\u00a0\u00a0\u00a0\u00a0\u00a0\u00a0\u00a0\u00a0\u00a0\u00a0\u00a0\u00a0\u00a0\u00a0\u00a0\u00a0 Koitempel 2020<\/p>\n","protected":false},"author":1,"featured_media":0,"parent":0,"menu_order":0,"comment_status":"closed","ping_status":"closed","template":"","meta":{"footnotes":""},"_links":{"self":[{"href":"https:\/\/koitempel24.de\/index.php\/wp-json\/wp\/v2\/pages\/111"}],"collection":[{"href":"https:\/\/koitempel24.de\/index.php\/wp-json\/wp\/v2\/pages"}],"about":[{"href":"https:\/\/koitempel24.de\/index.php\/wp-json\/wp\/v2\/types\/page"}],"author":[{"embeddable":true,"href":"https:\/\/koitempel24.de\/index.php\/wp-json\/wp\/v2\/users\/1"}],"replies":[{"embeddable":true,"href":"https:\/\/koitempel24.de\/index.php\/wp-json\/wp\/v2\/comments?post=111"}],"version-history":[{"count":12,"href":"https:\/\/koitempel24.de\/index.php\/wp-json\/wp\/v2\/pages\/111\/revisions"}],"predecessor-version":[{"id":945,"href":"https:\/\/koitempel24.de\/index.php\/wp-json\/wp\/v2\/pages\/111\/revisions\/945"}],"wp:attachment":[{"href":"https:\/\/koitempel24.de\/index.php\/wp-json\/wp\/v2\/media?parent=111"}],"curies":[{"name":"wp","href":"https:\/\/api.w.org\/{rel}","templated":true}]}}