{"id":85,"date":"2017-05-17T23:25:45","date_gmt":"2017-05-17T21:25:45","guid":{"rendered":"http:\/\/koitempel24.de\/?page_id=85"},"modified":"2020-02-17T12:18:19","modified_gmt":"2020-02-17T11:18:19","slug":"teichtechnik-und-zubehoer","status":"publish","type":"page","link":"http:\/\/koitempel24.de\/index.php\/teichtechnik-und-zubehoer\/","title":{"rendered":"Teichtechnik und Zubeh\u00f6r"},"content":{"rendered":"<p>Wir bieten Ihnen neben Wasserpumpen, Luftpumpen, UVC-Lampen plus Zubeh\u00f6r (z.B. Luftschl\u00e4uche, Luftsteine, UVC-R\u00f6hren) auch Pool- und Teichverrohrung (PVC) und die entsprechenden Fittinge von 25 bis 110 mm Durchmesser an.<\/p>\n<figure id=\"attachment_237\" aria-describedby=\"caption-attachment-237\" style=\"width: 400px\" class=\"wp-caption alignnone\"><img loading=\"lazy\" decoding=\"async\" class=\"wp-image-237 size-full\" src=\"http:\/\/koitempel24.de\/wp-content\/uploads\/2017\/05\/IMG_7151-Kopie.jpg\" alt=\"\" width=\"400\" height=\"533\" srcset=\"http:\/\/koitempel24.de\/wp-content\/uploads\/2017\/05\/IMG_7151-Kopie.jpg 400w, http:\/\/koitempel24.de\/wp-content\/uploads\/2017\/05\/IMG_7151-Kopie-225x300.jpg 225w\" sizes=\"(max-width: 400px) 100vw, 400px\" \/><figcaption id=\"caption-attachment-237\" class=\"wp-caption-text\">PVC-Rohre bis 110 mm Durchmesser<\/figcaption><\/figure>\n<figure id=\"attachment_236\" aria-describedby=\"caption-attachment-236\" style=\"width: 400px\" class=\"wp-caption alignnone\"><img loading=\"lazy\" decoding=\"async\" class=\"wp-image-236 size-full\" src=\"http:\/\/koitempel24.de\/wp-content\/uploads\/2017\/05\/IMG_7150-Kopie.jpg\" alt=\"\" width=\"400\" height=\"300\" srcset=\"http:\/\/koitempel24.de\/wp-content\/uploads\/2017\/05\/IMG_7150-Kopie.jpg 400w, http:\/\/koitempel24.de\/wp-content\/uploads\/2017\/05\/IMG_7150-Kopie-300x225.jpg 300w\" sizes=\"(max-width: 400px) 100vw, 400px\" \/><figcaption id=\"caption-attachment-236\" class=\"wp-caption-text\">B\u00f6gen, Winkel, Rohrklemmen, T-St\u00fccke, Kreuzst\u00fccke, Muffen, Gewindemuffen, Reduziermuffen, Reduktionsringe, Reduzierringe, Endkappen etc.<\/figcaption><\/figure>\n<figure id=\"attachment_193\" aria-describedby=\"caption-attachment-193\" style=\"width: 400px\" class=\"wp-caption alignnone\"><img loading=\"lazy\" decoding=\"async\" class=\"wp-image-193 size-full\" src=\"http:\/\/koitempel24.de\/wp-content\/uploads\/2017\/05\/IMG_7111.jpg\" alt=\"\" width=\"400\" height=\"300\" srcset=\"http:\/\/koitempel24.de\/wp-content\/uploads\/2017\/05\/IMG_7111.jpg 400w, http:\/\/koitempel24.de\/wp-content\/uploads\/2017\/05\/IMG_7111-300x225.jpg 300w\" sizes=\"(max-width: 400px) 100vw, 400px\" \/><figcaption id=\"caption-attachment-193\" class=\"wp-caption-text\">Universal-Kleber, PVC-Reiniger, PVC-Kleber<\/figcaption><\/figure>\n<figure id=\"attachment_238\" aria-describedby=\"caption-attachment-238\" style=\"width: 400px\" class=\"wp-caption alignnone\"><img loading=\"lazy\" decoding=\"async\" class=\"wp-image-238 size-full\" src=\"http:\/\/koitempel24.de\/wp-content\/uploads\/2017\/05\/IMG_7152-Kopie.jpg\" alt=\"\" width=\"400\" height=\"533\" srcset=\"http:\/\/koitempel24.de\/wp-content\/uploads\/2017\/05\/IMG_7152-Kopie.jpg 400w, http:\/\/koitempel24.de\/wp-content\/uploads\/2017\/05\/IMG_7152-Kopie-225x300.jpg 225w\" sizes=\"(max-width: 400px) 100vw, 400px\" \/><figcaption id=\"caption-attachment-238\" class=\"wp-caption-text\">Lufttechnik: Luftpumpen, Luftschl\u00e4uche, Luftsteine<\/figcaption><\/figure>\n<figure id=\"attachment_232\" aria-describedby=\"caption-attachment-232\" style=\"width: 400px\" class=\"wp-caption alignnone\"><img loading=\"lazy\" decoding=\"async\" class=\"wp-image-232 size-full\" src=\"http:\/\/koitempel24.de\/wp-content\/uploads\/2017\/05\/IMG_7146-Kopie.jpg\" alt=\"\" width=\"400\" height=\"533\" srcset=\"http:\/\/koitempel24.de\/wp-content\/uploads\/2017\/05\/IMG_7146-Kopie.jpg 400w, http:\/\/koitempel24.de\/wp-content\/uploads\/2017\/05\/IMG_7146-Kopie-225x300.jpg 225w\" sizes=\"(max-width: 400px) 100vw, 400px\" \/><figcaption id=\"caption-attachment-232\" class=\"wp-caption-text\">Pumpen (div. Gr\u00f6\u00dfen), UVC-Lampen, Filterschw\u00e4mme, Faltbecken<\/figcaption><\/figure>\n<figure id=\"attachment_123\" aria-describedby=\"caption-attachment-123\" style=\"width: 525px\" class=\"wp-caption alignnone\"><img loading=\"lazy\" decoding=\"async\" class=\"wp-image-123 size-large\" src=\"http:\/\/koitempel24.de\/wp-content\/uploads\/2017\/05\/IMG_5707-1024x682.jpg\" alt=\"\" width=\"525\" height=\"350\" srcset=\"http:\/\/koitempel24.de\/wp-content\/uploads\/2017\/05\/IMG_5707-1024x682.jpg 1024w, http:\/\/koitempel24.de\/wp-content\/uploads\/2017\/05\/IMG_5707-300x200.jpg 300w, http:\/\/koitempel24.de\/wp-content\/uploads\/2017\/05\/IMG_5707-768x512.jpg 768w, http:\/\/koitempel24.de\/wp-content\/uploads\/2017\/05\/IMG_5707.jpg 1778w\" sizes=\"(max-width: 525px) 100vw, 525px\" \/><figcaption id=\"caption-attachment-123\" class=\"wp-caption-text\">Durchf\u00fchrungen, Zugschieber, Kugelh\u00e4hne, Bodenabl\u00e4ufe<\/figcaption><\/figure>\n<p>&#8230;auch diverse Pl\u00fcsch-Kois haben wir im Angebot:<\/p>\n<figure id=\"attachment_195\" aria-describedby=\"caption-attachment-195\" style=\"width: 400px\" class=\"wp-caption alignnone\"><img loading=\"lazy\" decoding=\"async\" class=\"wp-image-195 size-full\" src=\"http:\/\/koitempel24.de\/wp-content\/uploads\/2017\/05\/IMG_7135.jpg\" alt=\"\" width=\"400\" height=\"533\" srcset=\"http:\/\/koitempel24.de\/wp-content\/uploads\/2017\/05\/IMG_7135.jpg 400w, http:\/\/koitempel24.de\/wp-content\/uploads\/2017\/05\/IMG_7135-225x300.jpg 225w\" sizes=\"(max-width: 400px) 100vw, 400px\" \/><figcaption id=\"caption-attachment-195\" class=\"wp-caption-text\">Kuhaku, Tancho, Sanke u.a.<\/figcaption><\/figure>\n","protected":false},"excerpt":{"rendered":"<p>Wir bieten Ihnen neben Wasserpumpen, Luftpumpen, UVC-Lampen plus Zubeh\u00f6r (z.B. Luftschl\u00e4uche, Luftsteine, UVC-R\u00f6hren) auch Pool- und Teichverrohrung (PVC) und die entsprechenden Fittinge von 25 bis 110 mm Durchmesser an. &#8230;auch diverse Pl\u00fcsch-Kois haben wir im Angebot:<\/p>\n","protected":false},"author":1,"featured_media":0,"parent":0,"menu_order":0,"comment_status":"closed","ping_status":"closed","template":"","meta":{"footnotes":""},"_links":{"self":[{"href":"http:\/\/koitempel24.de\/index.php\/wp-json\/wp\/v2\/pages\/85"}],"collection":[{"href":"http:\/\/koitempel24.de\/index.php\/wp-json\/wp\/v2\/pages"}],"about":[{"href":"http:\/\/koitempel24.de\/index.php\/wp-json\/wp\/v2\/types\/page"}],"author":[{"embeddable":true,"href":"http:\/\/koitempel24.de\/index.php\/wp-json\/wp\/v2\/users\/1"}],"replies":[{"embeddable":true,"href":"http:\/\/koitempel24.de\/index.php\/wp-json\/wp\/v2\/comments?post=85"}],"version-history":[{"count":14,"href":"http:\/\/koitempel24.de\/index.php\/wp-json\/wp\/v2\/pages\/85\/revisions"}],"predecessor-version":[{"id":900,"href":"http:\/\/koitempel24.de\/index.php\/wp-json\/wp\/v2\/pages\/85\/revisions\/900"}],"wp:attachment":[{"href":"http:\/\/koitempel24.de\/index.php\/wp-json\/wp\/v2\/media?parent=85"}],"curies":[{"name":"wp","href":"https:\/\/api.w.org\/{rel}","templated":true}]}}