{"id":75,"date":"2017-05-17T23:09:24","date_gmt":"2017-05-17T21:09:24","guid":{"rendered":"http:\/\/koitempel24.de\/?page_id=75"},"modified":"2020-02-17T12:15:59","modified_gmt":"2020-02-17T11:15:59","slug":"verkauf-von-japan-koi","status":"publish","type":"page","link":"http:\/\/koitempel24.de\/index.php\/verkauf-von-japan-koi\/","title":{"rendered":"Verkauf von Japan-Koi"},"content":{"rendered":"<p>Wir verkaufen ausschlie\u00dflich Original Japan-Koi.<\/p>\n<p>Jedes Jahr importieren wir vorrangig Tosai (einj\u00e4hrige Kois) direkt aus Japan.<\/p>\n<p>Au\u00dferdem ziehen wir zweij\u00e4hrige Kois und \u00e4lter in unseren Anlagen auf.<\/p>\n<p>Seit einiger Zeit verwenden wir ein spezielles und sehr hochwertiges Futter, hergestellt nach den neuesten wissenschaftlichen Erkenntnissen und k\u00f6nnen damit sehr gute Erfolge bei der weiteren Aufzucht der Fische erzielen.<\/p>\n<div class=\"mceTemp\"><\/div>\n<p><strong>Weitere aktuelle Angebote finden Sie ab April wieder auf meiner Seite bei:<\/strong><\/p>\n<figure id=\"attachment_318\" aria-describedby=\"caption-attachment-318\" style=\"width: 300px\" class=\"wp-caption aligncenter\"><a href=\"https:\/\/www.ebay-kleinanzeigen.de\/s-bestandsliste.html?userId=47465577\" target=\"_blank\" rel=\"https:\/\/www.ebay-kleinanzeigen.de\/s-bestandsliste.html?userid=47465577 noopener noreferrer\"><img loading=\"lazy\" decoding=\"async\" class=\"wp-image-318 size-medium\" title=\"Koi shop\" src=\"http:\/\/koitempel24.de\/wp-content\/uploads\/2018\/03\/shop-300x83.png\" alt=\"zum shop\" width=\"300\" height=\"83\" \/><\/a><figcaption id=\"caption-attachment-318\" class=\"wp-caption-text\"><a href=\"https:\/\/www.ebay-kleinanzeigen.de\/s-bestandsliste.html?userId=47465577\">Koi Shop Ebay Kleinanzeigen<\/a><\/figcaption><\/figure>\n<p><img loading=\"lazy\" decoding=\"async\" class=\"wp-image-183  aligncenter\" src=\"http:\/\/koitempel24.de\/wp-content\/uploads\/2017\/05\/IMG_4450-300x300.jpg\" alt=\"\" width=\"479\" height=\"479\" srcset=\"http:\/\/koitempel24.de\/wp-content\/uploads\/2017\/05\/IMG_4450-300x300.jpg 300w, http:\/\/koitempel24.de\/wp-content\/uploads\/2017\/05\/IMG_4450-150x150.jpg 150w, http:\/\/koitempel24.de\/wp-content\/uploads\/2017\/05\/IMG_4450-100x100.jpg 100w, http:\/\/koitempel24.de\/wp-content\/uploads\/2017\/05\/IMG_4450.jpg 400w\" sizes=\"(max-width: 479px) 100vw, 479px\" \/><\/p>\n<p>Klicken Sie ab April wieder: <span style=\"color: #000080;\"><a style=\"color: #000080;\" href=\"https:\/\/www.ebay-kleinanzeigen.de\/s-bestandsliste.html?userId=47465577\" target=\"_blank\" rel=\"noopener noreferrer\"><strong>Ebay-Kleinanzeigen<\/strong> <\/a><\/span><\/p>\n<p>um zu meinem Shop bei Ebay Kleinanzeigen zu gelangen.<\/p>\n","protected":false},"excerpt":{"rendered":"<p>Wir verkaufen ausschlie\u00dflich Original Japan-Koi. Jedes Jahr importieren wir vorrangig Tosai (einj\u00e4hrige Kois) direkt aus Japan. Au\u00dferdem ziehen wir zweij\u00e4hrige Kois und \u00e4lter in unseren Anlagen auf. Seit einiger Zeit verwenden wir ein spezielles und sehr hochwertiges Futter, hergestellt nach den neuesten wissenschaftlichen Erkenntnissen und k\u00f6nnen damit sehr gute Erfolge bei der weiteren Aufzucht der &hellip; <\/p>\n<p class=\"link-more\"><a href=\"http:\/\/koitempel24.de\/index.php\/verkauf-von-japan-koi\/\" class=\"more-link\"><span class=\"screen-reader-text\">\u201eVerkauf von Japan-Koi\u201c<\/span> weiterlesen<\/a><\/p>\n","protected":false},"author":1,"featured_media":0,"parent":0,"menu_order":0,"comment_status":"closed","ping_status":"closed","template":"","meta":{"footnotes":""},"_links":{"self":[{"href":"http:\/\/koitempel24.de\/index.php\/wp-json\/wp\/v2\/pages\/75"}],"collection":[{"href":"http:\/\/koitempel24.de\/index.php\/wp-json\/wp\/v2\/pages"}],"about":[{"href":"http:\/\/koitempel24.de\/index.php\/wp-json\/wp\/v2\/types\/page"}],"author":[{"embeddable":true,"href":"http:\/\/koitempel24.de\/index.php\/wp-json\/wp\/v2\/users\/1"}],"replies":[{"embeddable":true,"href":"http:\/\/koitempel24.de\/index.php\/wp-json\/wp\/v2\/comments?post=75"}],"version-history":[{"count":60,"href":"http:\/\/koitempel24.de\/index.php\/wp-json\/wp\/v2\/pages\/75\/revisions"}],"predecessor-version":[{"id":898,"href":"http:\/\/koitempel24.de\/index.php\/wp-json\/wp\/v2\/pages\/75\/revisions\/898"}],"wp:attachment":[{"href":"http:\/\/koitempel24.de\/index.php\/wp-json\/wp\/v2\/media?parent=75"}],"curies":[{"name":"wp","href":"https:\/\/api.w.org\/{rel}","templated":true}]}}