{"id":2,"date":"2017-05-04T17:43:49","date_gmt":"2017-05-04T15:43:49","guid":{"rendered":"http:\/\/koitempel24.de\/?page_id=2"},"modified":"2026-03-29T19:55:34","modified_gmt":"2026-03-29T17:55:34","slug":"original-japankoi-import-2018","status":"publish","type":"page","link":"http:\/\/koitempel24.de\/index.php\/original-japankoi-import-2018\/","title":{"rendered":"Original Japan-Koi &#8211; Import"},"content":{"rendered":"<p>AKTUELL 2026:<\/p>\n<p>Auch im Fr\u00fchjahr 2026 haben wir wieder Tosai &#8211; &#8222;Original Japan-Koi&#8220; der Z\u00fcchter:<\/p>\n<p>SUDA, MARUJU, MARUSEI importieren k\u00f6nnen &#8211; zus\u00e4tzlich Butterfly von den \u00a0Z\u00fcchtern SUDA und YAMAZAKI.<\/p>\n<p>&nbsp;<\/p>\n<p><span style=\"font-size: 1rem;\">Au\u00dferdem bieten wir den kostenfreien Service an, die reservierten Koi bis Mitte\/Ende Mai zu beherbergen, bis die Au\u00dfentemperatur ein Umsetzen in die Au\u00dfenteiche zul\u00e4sst.<\/span><\/p>\n<p>&nbsp;<\/p>\n<p><span style=\"font-size: 1rem;\">Einige Beispiel-Fotos&#8230;\u00b4<\/span><\/p>\n<p><img loading=\"lazy\" decoding=\"async\" class=\"alignnone size-medium wp-image-934\" src=\"http:\/\/koitempel24.de\/wp-content\/uploads\/2021\/04\/IMG_5199-225x300.jpg\" alt=\"\" width=\"225\" height=\"300\" srcset=\"http:\/\/koitempel24.de\/wp-content\/uploads\/2021\/04\/IMG_5199-225x300.jpg 225w, http:\/\/koitempel24.de\/wp-content\/uploads\/2021\/04\/IMG_5199.jpg 480w\" sizes=\"(max-width: 225px) 100vw, 225px\" \/><img loading=\"lazy\" decoding=\"async\" class=\"alignnone size-medium wp-image-935\" src=\"http:\/\/koitempel24.de\/wp-content\/uploads\/2021\/04\/IMG_5205-225x300.jpg\" alt=\"\" width=\"225\" height=\"300\" srcset=\"http:\/\/koitempel24.de\/wp-content\/uploads\/2021\/04\/IMG_5205-225x300.jpg 225w, http:\/\/koitempel24.de\/wp-content\/uploads\/2021\/04\/IMG_5205.jpg 480w\" sizes=\"(max-width: 225px) 100vw, 225px\" \/><\/p>\n<p><img loading=\"lazy\" decoding=\"async\" class=\"alignnone size-medium wp-image-938\" src=\"http:\/\/koitempel24.de\/wp-content\/uploads\/2021\/04\/IMG_5261-225x300.jpg\" alt=\"\" width=\"225\" height=\"300\" srcset=\"http:\/\/koitempel24.de\/wp-content\/uploads\/2021\/04\/IMG_5261-225x300.jpg 225w, http:\/\/koitempel24.de\/wp-content\/uploads\/2021\/04\/IMG_5261.jpg 480w\" sizes=\"(max-width: 225px) 100vw, 225px\" \/><img loading=\"lazy\" decoding=\"async\" class=\"alignnone size-medium wp-image-936\" src=\"http:\/\/koitempel24.de\/wp-content\/uploads\/2021\/04\/IMG_5231-225x300.jpg\" alt=\"\" width=\"225\" height=\"300\" srcset=\"http:\/\/koitempel24.de\/wp-content\/uploads\/2021\/04\/IMG_5231-225x300.jpg 225w, http:\/\/koitempel24.de\/wp-content\/uploads\/2021\/04\/IMG_5231.jpg 480w\" sizes=\"(max-width: 225px) 100vw, 225px\" \/><\/p>\n<p><img loading=\"lazy\" decoding=\"async\" class=\"alignnone size-medium wp-image-939\" src=\"http:\/\/koitempel24.de\/wp-content\/uploads\/2021\/04\/IMG_5264-225x300.jpg\" alt=\"\" width=\"225\" height=\"300\" srcset=\"http:\/\/koitempel24.de\/wp-content\/uploads\/2021\/04\/IMG_5264-225x300.jpg 225w, http:\/\/koitempel24.de\/wp-content\/uploads\/2021\/04\/IMG_5264.jpg 480w\" sizes=\"(max-width: 225px) 100vw, 225px\" \/><img loading=\"lazy\" decoding=\"async\" class=\"alignnone size-medium wp-image-937\" src=\"http:\/\/koitempel24.de\/wp-content\/uploads\/2021\/04\/IMG_5258-225x300.jpg\" alt=\"\" width=\"225\" height=\"300\" srcset=\"http:\/\/koitempel24.de\/wp-content\/uploads\/2021\/04\/IMG_5258-225x300.jpg 225w, http:\/\/koitempel24.de\/wp-content\/uploads\/2021\/04\/IMG_5258.jpg 480w\" sizes=\"(max-width: 225px) 100vw, 225px\" \/><\/p>\n<p><img loading=\"lazy\" decoding=\"async\" class=\"alignnone size-medium wp-image-932\" src=\"http:\/\/koitempel24.de\/wp-content\/uploads\/2021\/04\/IMG_4801-300x225.jpg\" alt=\"\" width=\"300\" height=\"225\" srcset=\"http:\/\/koitempel24.de\/wp-content\/uploads\/2021\/04\/IMG_4801-300x225.jpg 300w, http:\/\/koitempel24.de\/wp-content\/uploads\/2021\/04\/IMG_4801.jpg 640w\" sizes=\"(max-width: 300px) 100vw, 300px\" \/><\/p>\n<p><img loading=\"lazy\" decoding=\"async\" class=\"alignnone size-medium wp-image-930\" src=\"http:\/\/koitempel24.de\/wp-content\/uploads\/2021\/04\/IMG_4789-300x225.jpg\" alt=\"\" width=\"300\" height=\"225\" srcset=\"http:\/\/koitempel24.de\/wp-content\/uploads\/2021\/04\/IMG_4789-300x225.jpg 300w, http:\/\/koitempel24.de\/wp-content\/uploads\/2021\/04\/IMG_4789.jpg 640w\" sizes=\"(max-width: 300px) 100vw, 300px\" \/><\/p>\n<p><img loading=\"lazy\" decoding=\"async\" class=\"alignnone size-medium wp-image-933\" src=\"http:\/\/koitempel24.de\/wp-content\/uploads\/2021\/04\/IMG_4807-300x225.jpg\" alt=\"\" width=\"300\" height=\"225\" srcset=\"http:\/\/koitempel24.de\/wp-content\/uploads\/2021\/04\/IMG_4807-300x225.jpg 300w, http:\/\/koitempel24.de\/wp-content\/uploads\/2021\/04\/IMG_4807.jpg 640w\" sizes=\"(max-width: 300px) 100vw, 300px\" \/><\/p>\n<p><img loading=\"lazy\" decoding=\"async\" class=\"alignnone size-medium wp-image-929\" src=\"http:\/\/koitempel24.de\/wp-content\/uploads\/2021\/04\/IMG_4782-300x225.jpg\" alt=\"\" width=\"300\" height=\"225\" srcset=\"http:\/\/koitempel24.de\/wp-content\/uploads\/2021\/04\/IMG_4782-300x225.jpg 300w, http:\/\/koitempel24.de\/wp-content\/uploads\/2021\/04\/IMG_4782.jpg 640w\" sizes=\"(max-width: 300px) 100vw, 300px\" \/><\/p>\n<p>&nbsp;<\/p>\n<p>Klicken Sie ab April wieder: <span style=\"color: #000080;\"><a style=\"color: #000080;\" href=\"https:\/\/www.ebay-kleinanzeigen.de\/s-bestandsliste.html?userId=47465577\" target=\"_blank\" rel=\"noopener noreferrer\"><strong>Kleinanzeigen<\/strong><\/a><\/span><\/p>\n<p>um zu meinen aktuellen Anzeigen zu gelangen.<\/p>\n","protected":false},"excerpt":{"rendered":"<p>AKTUELL 2026: Auch im Fr\u00fchjahr 2026 haben wir wieder Tosai &#8211; &#8222;Original Japan-Koi&#8220; der Z\u00fcchter: SUDA, MARUJU, MARUSEI importieren k\u00f6nnen &#8211; zus\u00e4tzlich Butterfly von den \u00a0Z\u00fcchtern SUDA und YAMAZAKI. &nbsp; Au\u00dferdem bieten wir den kostenfreien Service an, die reservierten Koi bis Mitte\/Ende Mai zu beherbergen, bis die Au\u00dfentemperatur ein Umsetzen in die Au\u00dfenteiche zul\u00e4sst. &nbsp; &hellip; <\/p>\n<p class=\"link-more\"><a href=\"http:\/\/koitempel24.de\/index.php\/original-japankoi-import-2018\/\" class=\"more-link\"><span class=\"screen-reader-text\">\u201eOriginal Japan-Koi &#8211; Import\u201c<\/span> weiterlesen<\/a><\/p>\n","protected":false},"author":1,"featured_media":0,"parent":0,"menu_order":0,"comment_status":"closed","ping_status":"open","template":"","meta":{"footnotes":""},"_links":{"self":[{"href":"http:\/\/koitempel24.de\/index.php\/wp-json\/wp\/v2\/pages\/2"}],"collection":[{"href":"http:\/\/koitempel24.de\/index.php\/wp-json\/wp\/v2\/pages"}],"about":[{"href":"http:\/\/koitempel24.de\/index.php\/wp-json\/wp\/v2\/types\/page"}],"author":[{"embeddable":true,"href":"http:\/\/koitempel24.de\/index.php\/wp-json\/wp\/v2\/users\/1"}],"replies":[{"embeddable":true,"href":"http:\/\/koitempel24.de\/index.php\/wp-json\/wp\/v2\/comments?post=2"}],"version-history":[{"count":102,"href":"http:\/\/koitempel24.de\/index.php\/wp-json\/wp\/v2\/pages\/2\/revisions"}],"predecessor-version":[{"id":996,"href":"http:\/\/koitempel24.de\/index.php\/wp-json\/wp\/v2\/pages\/2\/revisions\/996"}],"wp:attachment":[{"href":"http:\/\/koitempel24.de\/index.php\/wp-json\/wp\/v2\/media?parent=2"}],"curies":[{"name":"wp","href":"https:\/\/api.w.org\/{rel}","templated":true}]}}